{"id":2,"date":"2019-04-09T18:38:24","date_gmt":"2019-04-09T16:38:24","guid":{"rendered":"http:\/\/demonoamono.com\/?page_id=2"},"modified":"2025-01-23T13:36:30","modified_gmt":"2025-01-23T12:36:30","slug":"page-d-exemple","status":"publish","type":"page","link":"https:\/\/demonoamono.com\/","title":{"rendered":"frontpage"},"content":{"rendered":"\n<p>DEMONOAMONO<\/p>\n\n\n\n<p>Soci\u00e9t\u00e9 sp\u00e9cialis\u00e9e dans le traitement de signal, les syst\u00e8mes g\u00e9n\u00e9ratifs et le machine learning pour la musique et le design issue de collaborations n\u00e9es \u00e0 l&#8217;IRCAM entre chercheur.euses, ing\u00e9nieurs, artistes et compositeur.ices.<\/p>\n\n\n\n<div class=\"wp-block-image\"><figure class=\"aligncenter\"><img loading=\"lazy\" decoding=\"async\" width=\"300\" height=\"300\" src=\"http:\/\/demonoamono.com\/wp-content\/uploads\/2019\/05\/demono_all-min.gif\" alt=\"\" class=\"wp-image-29\"\/><\/figure><\/div>\n\n\n\n<p>Client List<\/p>\n\n\n\n<ul class=\"wp-block-list\"><li>IRCAM<\/li><li>Bj\u00f6rk<\/li><li>Pierre Huyghe Studio<\/li><li>Renzo Piano (1% culturel Citadelle d&#8217;Amiens)<\/li><li>Kader Attia (Biennale de Venise)<\/li><li>Tania Mouraud (MACVAL)<\/li><li>Espace Culturel Louis Vuitton,<\/li><li>Jean-Luc Herve (Centre Pompidou)<\/li><li>Jean-Baptiste Barri\u00e8re (Salle Pleyel, Contemporary Art Museum of Houston, Columbia University, The New School)<\/li><li>Jesper Nordin (GRAME Lyon, Taipei Fine Art Museum)<\/li><li>Giraud&amp;Siboni (Palais de Tokyo)<\/li><\/ul>\n\n\n\n<p><\/p>\n","protected":false},"excerpt":{"rendered":"<p>DEMONOAMONO Soci\u00e9t\u00e9 sp\u00e9cialis\u00e9e dans le traitement de signal, les syst\u00e8mes g\u00e9n\u00e9ratifs et le machine learning pour la musique et le design issue de collaborations n\u00e9es \u00e0 l&#8217;IRCAM entre chercheur.euses, ing\u00e9nieurs, artistes et compositeur.ices. Client List IRCAM Bj\u00f6rk Pierre Huyghe Studio Renzo Piano (1% culturel Citadelle d&#8217;Amiens) Kader Attia (Biennale de [&hellip;]<\/p>\n","protected":false},"author":1,"featured_media":0,"parent":0,"menu_order":0,"comment_status":"closed","ping_status":"open","template":"","meta":{"footnotes":""},"class_list":["post-2","page","type-page","status-publish","hentry"],"_links":{"self":[{"href":"https:\/\/demonoamono.com\/index.php\/wp-json\/wp\/v2\/pages\/2","targetHints":{"allow":["GET"]}}],"collection":[{"href":"https:\/\/demonoamono.com\/index.php\/wp-json\/wp\/v2\/pages"}],"about":[{"href":"https:\/\/demonoamono.com\/index.php\/wp-json\/wp\/v2\/types\/page"}],"author":[{"embeddable":true,"href":"https:\/\/demonoamono.com\/index.php\/wp-json\/wp\/v2\/users\/1"}],"replies":[{"embeddable":true,"href":"https:\/\/demonoamono.com\/index.php\/wp-json\/wp\/v2\/comments?post=2"}],"version-history":[{"count":7,"href":"https:\/\/demonoamono.com\/index.php\/wp-json\/wp\/v2\/pages\/2\/revisions"}],"predecessor-version":[{"id":37,"href":"https:\/\/demonoamono.com\/index.php\/wp-json\/wp\/v2\/pages\/2\/revisions\/37"}],"wp:attachment":[{"href":"https:\/\/demonoamono.com\/index.php\/wp-json\/wp\/v2\/media?parent=2"}],"curies":[{"name":"wp","href":"https:\/\/api.w.org\/{rel}","templated":true}]}}